{"id":3351,"date":"2024-10-22T15:40:24","date_gmt":"2024-10-22T13:40:24","guid":{"rendered":"https:\/\/www.ipritalia.com\/partner\/"},"modified":"2025-04-01T13:01:39","modified_gmt":"2025-04-01T11:01:39","slug":"partner","status":"publish","type":"page","link":"https:\/\/www.ipritalia.com\/de\/partner\/","title":{"rendered":"Partner"},"content":{"rendered":"","protected":false},"excerpt":{"rendered":"","protected":false},"author":5,"featured_media":0,"parent":0,"menu_order":0,"comment_status":"closed","ping_status":"closed","template":"page-partner.php","meta":{"_seopress_robots_primary_cat":"","_seopress_titles_title":"IPR Partner Weltweit | IPR | Schnelllauftoren","_seopress_titles_desc":"Wir arbeiten mit einem ausgew\u00e4lten Netzwerk von internationalen H\u00e4ndler und Partnern zusammen, um unsere fortschrittlichen technologische L\u00f6sungen auf der ganzen Welt zu bringen.","_seopress_robots_index":"","inline_featured_image":false,"footnotes":""},"class_list":["post-3351","page","type-page","status-publish","hentry"],"_links":{"self":[{"href":"https:\/\/www.ipritalia.com\/de\/wp-json\/wp\/v2\/pages\/3351","targetHints":{"allow":["GET"]}}],"collection":[{"href":"https:\/\/www.ipritalia.com\/de\/wp-json\/wp\/v2\/pages"}],"about":[{"href":"https:\/\/www.ipritalia.com\/de\/wp-json\/wp\/v2\/types\/page"}],"author":[{"embeddable":true,"href":"https:\/\/www.ipritalia.com\/de\/wp-json\/wp\/v2\/users\/5"}],"replies":[{"embeddable":true,"href":"https:\/\/www.ipritalia.com\/de\/wp-json\/wp\/v2\/comments?post=3351"}],"version-history":[{"count":1,"href":"https:\/\/www.ipritalia.com\/de\/wp-json\/wp\/v2\/pages\/3351\/revisions"}],"predecessor-version":[{"id":3411,"href":"https:\/\/www.ipritalia.com\/de\/wp-json\/wp\/v2\/pages\/3351\/revisions\/3411"}],"wp:attachment":[{"href":"https:\/\/www.ipritalia.com\/de\/wp-json\/wp\/v2\/media?parent=3351"}],"curies":[{"name":"wp","href":"https:\/\/api.w.org\/{rel}","templated":true}]}}