{"id":2161,"date":"2020-05-13T17:03:17","date_gmt":"2020-05-13T15:03:17","guid":{"rendered":"https:\/\/www.ipritalia.com\/home\/"},"modified":"2024-10-16T17:39:49","modified_gmt":"2024-10-16T15:39:49","slug":"home","status":"publish","type":"page","link":"https:\/\/www.ipritalia.com\/es\/","title":{"rendered":"Home"},"content":{"rendered":"","protected":false},"excerpt":{"rendered":"","protected":false},"author":2,"featured_media":0,"parent":0,"menu_order":-1,"comment_status":"closed","ping_status":"closed","template":"homepage.php","meta":{"_seopress_robots_primary_cat":"","_seopress_titles_title":"IPR | Puertas r\u00e1pidas industriales","_seopress_titles_desc":"Dise\u00f1o, producci\u00f3n, distribuci\u00f3n e instalaci\u00f3n de puertas r\u00e1pidas industriales. Puertas industriales para todos los sectores. \u00a1P\u00eddanos presupuesto!","_seopress_robots_index":"","inline_featured_image":false,"footnotes":""},"class_list":["post-2161","page","type-page","status-publish","hentry"],"_links":{"self":[{"href":"https:\/\/www.ipritalia.com\/es\/wp-json\/wp\/v2\/pages\/2161","targetHints":{"allow":["GET"]}}],"collection":[{"href":"https:\/\/www.ipritalia.com\/es\/wp-json\/wp\/v2\/pages"}],"about":[{"href":"https:\/\/www.ipritalia.com\/es\/wp-json\/wp\/v2\/types\/page"}],"author":[{"embeddable":true,"href":"https:\/\/www.ipritalia.com\/es\/wp-json\/wp\/v2\/users\/2"}],"replies":[{"embeddable":true,"href":"https:\/\/www.ipritalia.com\/es\/wp-json\/wp\/v2\/comments?post=2161"}],"version-history":[{"count":2,"href":"https:\/\/www.ipritalia.com\/es\/wp-json\/wp\/v2\/pages\/2161\/revisions"}],"predecessor-version":[{"id":3712,"href":"https:\/\/www.ipritalia.com\/es\/wp-json\/wp\/v2\/pages\/2161\/revisions\/3712"}],"wp:attachment":[{"href":"https:\/\/www.ipritalia.com\/es\/wp-json\/wp\/v2\/media?parent=2161"}],"curies":[{"name":"wp","href":"https:\/\/api.w.org\/{rel}","templated":true}]}}