{"id":2173,"date":"2020-05-22T15:26:00","date_gmt":"2020-05-22T13:26:00","guid":{"rendered":"https:\/\/www.ipritalia.com\/azienda\/"},"modified":"2024-10-21T10:25:04","modified_gmt":"2024-10-21T08:25:04","slug":"azienda","status":"publish","type":"page","link":"https:\/\/www.ipritalia.com\/es\/azienda\/","title":{"rendered":"Compa\u00f1ia"},"content":{"rendered":"","protected":false},"excerpt":{"rendered":"","protected":false},"author":2,"featured_media":0,"parent":0,"menu_order":0,"comment_status":"closed","ping_status":"closed","template":"company.php","meta":{"_seopress_robots_primary_cat":"","_seopress_titles_title":"Compa\u00f1ia | IPR | Puertas r\u00e1pidas industriales","_seopress_titles_desc":"Con muchos a\u00f1os de experiencia en el sector de la log\u00edstica industrial, ofrecemos, fabricamos e instalamos puertas r\u00e1pidas industriales que se adaptan a cualquier necesidad.","_seopress_robots_index":"","inline_featured_image":false,"footnotes":""},"class_list":["post-2173","page","type-page","status-publish","hentry"],"_links":{"self":[{"href":"https:\/\/www.ipritalia.com\/es\/wp-json\/wp\/v2\/pages\/2173","targetHints":{"allow":["GET"]}}],"collection":[{"href":"https:\/\/www.ipritalia.com\/es\/wp-json\/wp\/v2\/pages"}],"about":[{"href":"https:\/\/www.ipritalia.com\/es\/wp-json\/wp\/v2\/types\/page"}],"author":[{"embeddable":true,"href":"https:\/\/www.ipritalia.com\/es\/wp-json\/wp\/v2\/users\/2"}],"replies":[{"embeddable":true,"href":"https:\/\/www.ipritalia.com\/es\/wp-json\/wp\/v2\/comments?post=2173"}],"version-history":[{"count":2,"href":"https:\/\/www.ipritalia.com\/es\/wp-json\/wp\/v2\/pages\/2173\/revisions"}],"predecessor-version":[{"id":3048,"href":"https:\/\/www.ipritalia.com\/es\/wp-json\/wp\/v2\/pages\/2173\/revisions\/3048"}],"wp:attachment":[{"href":"https:\/\/www.ipritalia.com\/es\/wp-json\/wp\/v2\/media?parent=2173"}],"curies":[{"name":"wp","href":"https:\/\/api.w.org\/{rel}","templated":true}]}}