{"id":2193,"date":"2020-05-22T17:40:12","date_gmt":"2020-05-22T15:40:12","guid":{"rendered":"https:\/\/www.ipritalia.com\/contatti\/"},"modified":"2024-10-16T17:57:51","modified_gmt":"2024-10-16T15:57:51","slug":"contatti","status":"publish","type":"page","link":"https:\/\/www.ipritalia.com\/es\/contatti\/","title":{"rendered":"Contacto"},"content":{"rendered":"","protected":false},"excerpt":{"rendered":"","protected":false},"author":2,"featured_media":0,"parent":0,"menu_order":0,"comment_status":"closed","ping_status":"closed","template":"contacts.php","meta":{"_seopress_robots_primary_cat":"","_seopress_titles_title":"Contactos | IPR | Puertas r\u00e1pidas industriales","_seopress_titles_desc":"IPR opera en todo el mundo, \u00a1pida informaci\u00f3n! Dise\u00f1o, producci\u00f3n, distribuci\u00f3n e instalaci\u00f3n de puertas r\u00e1pidas industriales a medida.","_seopress_robots_index":"","inline_featured_image":false,"footnotes":""},"class_list":["post-2193","page","type-page","status-publish","hentry"],"_links":{"self":[{"href":"https:\/\/www.ipritalia.com\/es\/wp-json\/wp\/v2\/pages\/2193","targetHints":{"allow":["GET"]}}],"collection":[{"href":"https:\/\/www.ipritalia.com\/es\/wp-json\/wp\/v2\/pages"}],"about":[{"href":"https:\/\/www.ipritalia.com\/es\/wp-json\/wp\/v2\/types\/page"}],"author":[{"embeddable":true,"href":"https:\/\/www.ipritalia.com\/es\/wp-json\/wp\/v2\/users\/2"}],"replies":[{"embeddable":true,"href":"https:\/\/www.ipritalia.com\/es\/wp-json\/wp\/v2\/comments?post=2193"}],"version-history":[{"count":1,"href":"https:\/\/www.ipritalia.com\/es\/wp-json\/wp\/v2\/pages\/2193\/revisions"}],"predecessor-version":[{"id":3060,"href":"https:\/\/www.ipritalia.com\/es\/wp-json\/wp\/v2\/pages\/2193\/revisions\/3060"}],"wp:attachment":[{"href":"https:\/\/www.ipritalia.com\/es\/wp-json\/wp\/v2\/media?parent=2193"}],"curies":[{"name":"wp","href":"https:\/\/api.w.org\/{rel}","templated":true}]}}