{"id":3438,"date":"2024-10-22T15:40:24","date_gmt":"2024-10-22T13:40:24","guid":{"rendered":"https:\/\/www.ipritalia.com\/partner\/"},"modified":"2025-04-01T13:01:45","modified_gmt":"2025-04-01T11:01:45","slug":"partner","status":"publish","type":"page","link":"https:\/\/www.ipritalia.com\/fr\/partner\/","title":{"rendered":"Partenaires"},"content":{"rendered":"","protected":false},"excerpt":{"rendered":"","protected":false},"author":5,"featured_media":0,"parent":0,"menu_order":0,"comment_status":"closed","ping_status":"closed","template":"page-partner.php","meta":{"_seopress_robots_primary_cat":"","_seopress_titles_title":"Partenaires IPR dans le monde | IPR | Portes Industrielles Rapides","_seopress_titles_desc":"Nous collaborons avec un r\u00e9seau s\u00e9lectionn\u00e9 de partenaires internationaux pour apporter nos solutions technologiques d&#039;avant-garde dans tout le monde.","_seopress_robots_index":"","inline_featured_image":false,"footnotes":""},"class_list":["post-3438","page","type-page","status-publish","hentry"],"_links":{"self":[{"href":"https:\/\/www.ipritalia.com\/fr\/wp-json\/wp\/v2\/pages\/3438","targetHints":{"allow":["GET"]}}],"collection":[{"href":"https:\/\/www.ipritalia.com\/fr\/wp-json\/wp\/v2\/pages"}],"about":[{"href":"https:\/\/www.ipritalia.com\/fr\/wp-json\/wp\/v2\/types\/page"}],"author":[{"embeddable":true,"href":"https:\/\/www.ipritalia.com\/fr\/wp-json\/wp\/v2\/users\/5"}],"replies":[{"embeddable":true,"href":"https:\/\/www.ipritalia.com\/fr\/wp-json\/wp\/v2\/comments?post=3438"}],"version-history":[{"count":2,"href":"https:\/\/www.ipritalia.com\/fr\/wp-json\/wp\/v2\/pages\/3438\/revisions"}],"predecessor-version":[{"id":3620,"href":"https:\/\/www.ipritalia.com\/fr\/wp-json\/wp\/v2\/pages\/3438\/revisions\/3620"}],"wp:attachment":[{"href":"https:\/\/www.ipritalia.com\/fr\/wp-json\/wp\/v2\/media?parent=3438"}],"curies":[{"name":"wp","href":"https:\/\/api.w.org\/{rel}","templated":true}]}}