{"id":2806,"date":"2020-05-13T17:03:17","date_gmt":"2020-05-13T15:03:17","guid":{"rendered":"https:\/\/www.ipritalia.com\/home\/"},"modified":"2025-03-25T10:58:14","modified_gmt":"2025-03-25T09:58:14","slug":"home","status":"publish","type":"page","link":"https:\/\/www.ipritalia.com\/pt-pt\/","title":{"rendered":"Home"},"content":{"rendered":"","protected":false},"excerpt":{"rendered":"","protected":false},"author":2,"featured_media":0,"parent":0,"menu_order":-1,"comment_status":"closed","ping_status":"closed","template":"homepage.php","meta":{"_seopress_robots_primary_cat":"","_seopress_titles_title":"IPR | Portas r\u00e1pidas industriais","_seopress_titles_desc":"Conce\u00e7\u00e3o, produ\u00e7\u00e3o, distribui\u00e7\u00e3o e instala\u00e7\u00e3o de portas r\u00e1pidas industriais. Portas industriais para todos os sectores. Solicite um or\u00e7amento! ","_seopress_robots_index":"","inline_featured_image":false,"footnotes":""},"class_list":["post-2806","page","type-page","status-publish","hentry"],"_links":{"self":[{"href":"https:\/\/www.ipritalia.com\/pt-pt\/wp-json\/wp\/v2\/pages\/2806","targetHints":{"allow":["GET"]}}],"collection":[{"href":"https:\/\/www.ipritalia.com\/pt-pt\/wp-json\/wp\/v2\/pages"}],"about":[{"href":"https:\/\/www.ipritalia.com\/pt-pt\/wp-json\/wp\/v2\/types\/page"}],"author":[{"embeddable":true,"href":"https:\/\/www.ipritalia.com\/pt-pt\/wp-json\/wp\/v2\/users\/2"}],"replies":[{"embeddable":true,"href":"https:\/\/www.ipritalia.com\/pt-pt\/wp-json\/wp\/v2\/comments?post=2806"}],"version-history":[{"count":1,"href":"https:\/\/www.ipritalia.com\/pt-pt\/wp-json\/wp\/v2\/pages\/2806\/revisions"}],"predecessor-version":[{"id":2809,"href":"https:\/\/www.ipritalia.com\/pt-pt\/wp-json\/wp\/v2\/pages\/2806\/revisions\/2809"}],"wp:attachment":[{"href":"https:\/\/www.ipritalia.com\/pt-pt\/wp-json\/wp\/v2\/media?parent=2806"}],"curies":[{"name":"wp","href":"https:\/\/api.w.org\/{rel}","templated":true}]}}