{"id":2810,"date":"2020-05-22T15:26:00","date_gmt":"2020-05-22T13:26:00","guid":{"rendered":"https:\/\/www.ipritalia.com\/azienda\/"},"modified":"2024-10-16T17:42:18","modified_gmt":"2024-10-16T15:42:18","slug":"azienda","status":"publish","type":"page","link":"https:\/\/www.ipritalia.com\/pt-pt\/azienda\/","title":{"rendered":"Empresa"},"content":{"rendered":"","protected":false},"excerpt":{"rendered":"","protected":false},"author":2,"featured_media":0,"parent":0,"menu_order":0,"comment_status":"closed","ping_status":"closed","template":"company.php","meta":{"_seopress_robots_primary_cat":"","_seopress_titles_title":"Empresa | IPR | Portas r\u00e1pidas industriais","_seopress_titles_desc":"Com muitos anos de experi\u00eancia no sector da log\u00edstica industrial, propomos, constru\u00edmos e instalamos portas r\u00e1pidas industriais que se adaptam a qualquer exig\u00eancia.","_seopress_robots_index":"","inline_featured_image":false,"footnotes":""},"class_list":["post-2810","page","type-page","status-publish","hentry"],"_links":{"self":[{"href":"https:\/\/www.ipritalia.com\/pt-pt\/wp-json\/wp\/v2\/pages\/2810","targetHints":{"allow":["GET"]}}],"collection":[{"href":"https:\/\/www.ipritalia.com\/pt-pt\/wp-json\/wp\/v2\/pages"}],"about":[{"href":"https:\/\/www.ipritalia.com\/pt-pt\/wp-json\/wp\/v2\/types\/page"}],"author":[{"embeddable":true,"href":"https:\/\/www.ipritalia.com\/pt-pt\/wp-json\/wp\/v2\/users\/2"}],"replies":[{"embeddable":true,"href":"https:\/\/www.ipritalia.com\/pt-pt\/wp-json\/wp\/v2\/comments?post=2810"}],"version-history":[{"count":1,"href":"https:\/\/www.ipritalia.com\/pt-pt\/wp-json\/wp\/v2\/pages\/2810\/revisions"}],"predecessor-version":[{"id":2813,"href":"https:\/\/www.ipritalia.com\/pt-pt\/wp-json\/wp\/v2\/pages\/2810\/revisions\/2813"}],"wp:attachment":[{"href":"https:\/\/www.ipritalia.com\/pt-pt\/wp-json\/wp\/v2\/media?parent=2810"}],"curies":[{"name":"wp","href":"https:\/\/api.w.org\/{rel}","templated":true}]}}