{"id":2901,"date":"2020-05-22T17:40:12","date_gmt":"2020-05-22T15:40:12","guid":{"rendered":"https:\/\/www.ipritalia.com\/contatti\/"},"modified":"2024-10-28T11:53:08","modified_gmt":"2024-10-28T10:53:08","slug":"contatti","status":"publish","type":"page","link":"https:\/\/www.ipritalia.com\/pt-pt\/contatti\/","title":{"rendered":"Contactos"},"content":{"rendered":"","protected":false},"excerpt":{"rendered":"","protected":false},"author":2,"featured_media":0,"parent":0,"menu_order":0,"comment_status":"closed","ping_status":"closed","template":"contacts.php","meta":{"_seopress_robots_primary_cat":"","_seopress_titles_title":"Contactos | IPR | Portas R\u00e1pidas Industriais","_seopress_titles_desc":"A IPR est\u00e1 presente em todo o mundo, solicite informa\u00e7\u00f5es! Conce\u00e7\u00e3o, produ\u00e7\u00e3o, distribui\u00e7\u00e3o e instala\u00e7\u00e3o de portas r\u00e1pidas industriais personalizadas.","_seopress_robots_index":"","inline_featured_image":false,"footnotes":""},"class_list":["post-2901","page","type-page","status-publish","hentry"],"_links":{"self":[{"href":"https:\/\/www.ipritalia.com\/pt-pt\/wp-json\/wp\/v2\/pages\/2901","targetHints":{"allow":["GET"]}}],"collection":[{"href":"https:\/\/www.ipritalia.com\/pt-pt\/wp-json\/wp\/v2\/pages"}],"about":[{"href":"https:\/\/www.ipritalia.com\/pt-pt\/wp-json\/wp\/v2\/types\/page"}],"author":[{"embeddable":true,"href":"https:\/\/www.ipritalia.com\/pt-pt\/wp-json\/wp\/v2\/users\/2"}],"replies":[{"embeddable":true,"href":"https:\/\/www.ipritalia.com\/pt-pt\/wp-json\/wp\/v2\/comments?post=2901"}],"version-history":[{"count":1,"href":"https:\/\/www.ipritalia.com\/pt-pt\/wp-json\/wp\/v2\/pages\/2901\/revisions"}],"predecessor-version":[{"id":2903,"href":"https:\/\/www.ipritalia.com\/pt-pt\/wp-json\/wp\/v2\/pages\/2901\/revisions\/2903"}],"wp:attachment":[{"href":"https:\/\/www.ipritalia.com\/pt-pt\/wp-json\/wp\/v2\/media?parent=2901"}],"curies":[{"name":"wp","href":"https:\/\/api.w.org\/{rel}","templated":true}]}}