{"id":3054,"date":"2020-05-22T18:32:52","date_gmt":"2020-05-22T16:32:52","guid":{"rendered":"https:\/\/www.ipritalia.com\/richiedi-informazioni\/"},"modified":"2024-10-16T17:56:25","modified_gmt":"2024-10-16T15:56:25","slug":"richiedi-informazioni","status":"publish","type":"page","link":"https:\/\/www.ipritalia.com\/pt-pt\/richiedi-informazioni\/","title":{"rendered":"Pedir informa\u00e7\u00f5es"},"content":{"rendered":"","protected":false},"excerpt":{"rendered":"","protected":false},"author":2,"featured_media":0,"parent":0,"menu_order":0,"comment_status":"closed","ping_status":"closed","template":"contacts.php","meta":{"_seopress_robots_primary_cat":"","_seopress_titles_title":"Pedir informa\u00e7\u00f5es | IPR | Portas r\u00e1pidas industriais","_seopress_titles_desc":"A IPR Italia ocupa-se da conce\u00e7\u00e3o, produ\u00e7\u00e3o, distribui\u00e7\u00e3o e instala\u00e7\u00e3o de portas r\u00e1pidas industriais. Pedir informa\u00e7\u00f5es!","_seopress_robots_index":"","inline_featured_image":false,"footnotes":""},"class_list":["post-3054","page","type-page","status-publish","hentry"],"_links":{"self":[{"href":"https:\/\/www.ipritalia.com\/pt-pt\/wp-json\/wp\/v2\/pages\/3054","targetHints":{"allow":["GET"]}}],"collection":[{"href":"https:\/\/www.ipritalia.com\/pt-pt\/wp-json\/wp\/v2\/pages"}],"about":[{"href":"https:\/\/www.ipritalia.com\/pt-pt\/wp-json\/wp\/v2\/types\/page"}],"author":[{"embeddable":true,"href":"https:\/\/www.ipritalia.com\/pt-pt\/wp-json\/wp\/v2\/users\/2"}],"replies":[{"embeddable":true,"href":"https:\/\/www.ipritalia.com\/pt-pt\/wp-json\/wp\/v2\/comments?post=3054"}],"version-history":[{"count":1,"href":"https:\/\/www.ipritalia.com\/pt-pt\/wp-json\/wp\/v2\/pages\/3054\/revisions"}],"predecessor-version":[{"id":3056,"href":"https:\/\/www.ipritalia.com\/pt-pt\/wp-json\/wp\/v2\/pages\/3054\/revisions\/3056"}],"wp:attachment":[{"href":"https:\/\/www.ipritalia.com\/pt-pt\/wp-json\/wp\/v2\/media?parent=3054"}],"curies":[{"name":"wp","href":"https:\/\/api.w.org\/{rel}","templated":true}]}}