{"id":3154,"date":"2024-10-22T15:40:53","date_gmt":"2024-10-22T13:40:53","guid":{"rendered":"https:\/\/www.ipritalia.com\/?page_id=3154"},"modified":"2025-04-01T13:01:32","modified_gmt":"2025-04-01T11:01:32","slug":"partner","status":"publish","type":"page","link":"https:\/\/www.ipritalia.com\/pt-pt\/partner\/","title":{"rendered":"Parceiros"},"content":{"rendered":"","protected":false},"excerpt":{"rendered":"","protected":false},"author":5,"featured_media":0,"parent":0,"menu_order":0,"comment_status":"closed","ping_status":"closed","template":"page-partner.php","meta":{"_seopress_robots_primary_cat":"","_seopress_titles_title":"Parceiros IPR em todo o mundo | IPR | Portas r\u00e1pidas industriais","_seopress_titles_desc":"Colaboramos com uma rede selecionada de revendedores e parceiros internacionais para levar as nossas solu\u00e7\u00f5es tecnol\u00f3gicas avan\u00e7adas a todo o mundo.","_seopress_robots_index":"","inline_featured_image":false,"footnotes":""},"class_list":["post-3154","page","type-page","status-publish","hentry"],"_links":{"self":[{"href":"https:\/\/www.ipritalia.com\/pt-pt\/wp-json\/wp\/v2\/pages\/3154","targetHints":{"allow":["GET"]}}],"collection":[{"href":"https:\/\/www.ipritalia.com\/pt-pt\/wp-json\/wp\/v2\/pages"}],"about":[{"href":"https:\/\/www.ipritalia.com\/pt-pt\/wp-json\/wp\/v2\/types\/page"}],"author":[{"embeddable":true,"href":"https:\/\/www.ipritalia.com\/pt-pt\/wp-json\/wp\/v2\/users\/5"}],"replies":[{"embeddable":true,"href":"https:\/\/www.ipritalia.com\/pt-pt\/wp-json\/wp\/v2\/comments?post=3154"}],"version-history":[{"count":2,"href":"https:\/\/www.ipritalia.com\/pt-pt\/wp-json\/wp\/v2\/pages\/3154\/revisions"}],"predecessor-version":[{"id":3165,"href":"https:\/\/www.ipritalia.com\/pt-pt\/wp-json\/wp\/v2\/pages\/3154\/revisions\/3165"}],"wp:attachment":[{"href":"https:\/\/www.ipritalia.com\/pt-pt\/wp-json\/wp\/v2\/media?parent=3154"}],"curies":[{"name":"wp","href":"https:\/\/api.w.org\/{rel}","templated":true}]}}